{"id":12908,"date":"2022-06-21T21:18:18","date_gmt":"2022-06-21T21:18:18","guid":{"rendered":"https:\/\/decero.eu\/?page_id=12908"},"modified":"2022-06-21T21:21:12","modified_gmt":"2022-06-21T21:21:12","slug":"politica-de-cookies","status":"publish","type":"page","link":"https:\/\/decero.eu\/de\/politica-de-cookies","title":{"rendered":"Cookie-Richtlinie\u00a0"},"content":{"rendered":"\t\t<div data-elementor-type=\"wp-page\" data-elementor-id=\"12908\" class=\"elementor elementor-12908 elementor-bc-flex-widget\">\n\t\t\t\t\t\t<section class=\"elementor-section elementor-top-section elementor-element elementor-element-4144edb8 elementor-section-boxed elementor-section-height-default elementor-section-height-default qodef-elementor-content-no\" data-id=\"4144edb8\" data-element_type=\"section\" data-e-type=\"section\">\n\t\t\t\t\t\t<div class=\"elementor-container elementor-column-gap-default\">\n\t\t\t\t\t<div class=\"elementor-column elementor-col-100 elementor-top-column elementor-element elementor-element-12f0def0\" data-id=\"12f0def0\" data-element_type=\"column\" data-e-type=\"column\">\n\t\t\t<div class=\"elementor-widget-wrap elementor-element-populated\">\n\t\t\t\t\t\t<div class=\"elementor-element elementor-element-1777ba9b elementor-widget elementor-widget-text-editor\" data-id=\"1777ba9b\" data-element_type=\"widget\" data-e-type=\"widget\" data-widget_type=\"text-editor.default\">\n\t\t\t\t<div class=\"elementor-widget-container\">\n\t\t\t\t\t\t\t\t\t\n<p><span style=\"font-weight: 400;\">Cookie-Richtlinie<\/span><\/p>\n<p><span style=\"font-weight: 400;\">Auf dieser Website werden Cookies von Drittanbietern und eigene Cookies verwendet, um sicherzustellen, dass Sie ein besseres Surferlebnis haben, Sie Inhalte in sozialen Netzwerken teilen k\u00f6nnen und damit wir Benutzerstatistiken erhalten k\u00f6nnen.<\/span><\/p>\n<p><span style=\"font-weight: 400;\">Sie k\u00f6nnen das Herunterladen von Cookies durch die Konfiguration Ihres Browsers verhindern und verhindern, dass Cookies auf Ihrem Ger\u00e4t gespeichert werden.<\/span><\/p>\n<p><span style=\"font-weight: 400;\">Als Eigent\u00fcmer dieser Website informiere ich Sie, dass wir keine personenbezogenen Daten aus Cookies verwenden, sondern nur allgemeine Besuchsstatistiken erstellen, die keine personenbezogenen Daten enthalten.<\/span><\/p>\n<p><span style=\"font-weight: 400;\">Es ist sehr wichtig, dass Sie diese Cookie-Richtlinie lesen und verstehen, dass wir davon ausgehen, dass Sie deren Verwendung akzeptieren, wenn Sie weiter surfen.<\/span><\/p>\n<p><span style=\"font-weight: 400;\">Gem\u00e4\u00df den Bestimmungen in Artikel 22.2 des Gesetzes 34\/2002 \u00fcber Dienste der Informationsgesellschaft und des elektronischen Gesch\u00e4ftsverkehrs stimmen Sie der Verwendung der oben genannten Mechanismen zu, wenn Sie weiter surfen.<\/span><\/p>\n<p><span style=\"font-weight: 400;\">Verantwortliche Stelle<\/span><\/p>\n<p><span style=\"font-weight: 400;\">Identit\u00e4t: DeCero Proyectos y Reformas. \u2013 NIF: Y7068429Z<\/span><\/p>\n<p><span style=\"font-weight: 400;\">Postanschrift: Avenida Ciudad de Melilla 24 local 37 | Honey Creek, Benalm\u00e1dena.<\/span><\/p>\n<p><span style=\"font-weight: 400;\">Telefon: +34 722 263 334 \u2013 E-Mail: info (@) decero.eu<\/span><\/p>\n<p><span style=\"font-weight: 400;\">Was sind Cookies?<\/span><\/p>\n<p><span style=\"font-weight: 400;\">Cookies sind eine Reihe von Daten, die ein Server im Browser des Benutzers ablegt, um standardm\u00e4\u00dfige Internetregistrierungsinformationen und Informationen \u00fcber das Verhalten von Besuchern einer Website zu sammeln. Das sind kleine Textdateien, die auf der Festplatte des Computers gespeichert werden und dazu dienen, den Benutzer beim erneuten Aufrufen der Website zu identifizieren. Sie dient dazu, den Besuch des Nutzers zu erfassen und bestimmte Informationen zu speichern. Seine Verwendung ist im Internet \u00fcblich und h\u00e4ufig, da Seiten effizienter funktionieren und eine st\u00e4rkere Personalisierung und Analyse des Benutzerverhaltens erreicht wird.<\/span><\/p>\n<p><span style=\"font-weight: 400;\">Welche Arten von Cookies gibt es?<\/span><\/p>\n<p><span style=\"font-weight: 400;\">Die auf unserer Website verwendeten Cookies sind Session- und Third-Party-Cookies und erm\u00f6glichen es uns, Informationen \u00fcber die Sprache, den verwendeten Browsertyp und andere vom Benutzer vordefinierte allgemeine Merkmale zu speichern und abzurufen sowie zu \u00fcberwachen und zu analysieren Aktivit\u00e4t, die sie ausf\u00fchrt, um Verbesserungen einzuf\u00fchren und unsere Dienstleistungen effizienter und pers\u00f6nlicher zu erbringen.<\/span><\/p>\n<p><span style=\"font-weight: 400;\">Cookies k\u00f6nnen je nach Dauerhaftigkeit in Session- oder permanente Cookies unterteilt werden. Diejenigen, die ablaufen, wenn der Benutzer den Browser schlie\u00dft. Diese verfallen, je nachdem, wann der Zweck, dem sie dienen, erf\u00fcllt ist (z. B. damit der Benutzer in den Diensten von Productos Argentinos SL identifiziert bleibt) oder wenn sie manuell gel\u00f6scht werden.<\/span><\/p>\n<table>\n<tbody>\n<tr>\n<td>\n<p><span style=\"font-weight: 400;\">Name<\/span><\/p>\n<\/td>\n<td>\n<p><span style=\"font-weight: 400;\">Kerl<\/span><\/p>\n<\/td>\n<td>\n<p><span style=\"font-weight: 400;\">Ablauf<\/span><\/p>\n<\/td>\n<td>\n<p><span style=\"font-weight: 400;\">Zweck<\/span><\/p>\n<\/td>\n<td>\n<p><span style=\"font-weight: 400;\">Klasse<\/span><\/p>\n<\/td>\n<\/tr>\n<tr>\n<td>\n<p><span style=\"font-weight: 400;\">__utma<\/span><\/p>\n<\/td>\n<td>\n<p><span style=\"font-weight: 400;\">Von Drittanbietern (Google Analytics)<\/span><\/p>\n<\/td>\n<td>\n<p><span style=\"font-weight: 400;\">2 Jahre<\/span><\/p>\n<\/td>\n<td>\n<p><span style=\"font-weight: 400;\">Es wird verwendet, um Benutzer und Sitzungen zu unterscheiden.<\/span><\/p>\n<\/td>\n<td>\n<p><span style=\"font-weight: 400;\">Nicht befreit<\/span><\/p>\n<\/td>\n<\/tr>\n<tr>\n<td>\n<p><span style=\"font-weight: 400;\">__utmb<\/span><\/p>\n<\/td>\n<td>\n<p><span style=\"font-weight: 400;\">Von Drittanbietern (Google Analytics)<\/span><\/p>\n<\/td>\n<td>\n<p><span style=\"font-weight: 400;\">30 Minuten<\/span><\/p>\n<\/td>\n<td>\n<p><span style=\"font-weight: 400;\">Wird verwendet, um neue Sitzungen oder Besuche zu ermitteln<\/span><\/p>\n<\/td>\n<td>\n<p><span style=\"font-weight: 400;\">Nicht befreit<\/span><\/p>\n<\/td>\n<\/tr>\n<tr>\n<td>\n<p><span style=\"font-weight: 400;\">__utmc<\/span><\/p>\n<\/td>\n<td>\n<p><span style=\"font-weight: 400;\">Von Drittanbietern (Google Analytics)<\/span><\/p>\n<\/td>\n<td>\n<p><span style=\"font-weight: 400;\">Am Ende der Sitzung<\/span><\/p>\n<\/td>\n<td>\n<p><span style=\"font-weight: 400;\">Konfiguriert f\u00fcr die Verwendung mit Urchin<\/span><\/p>\n<\/td>\n<td>\n<p><span style=\"font-weight: 400;\">Nicht befreit<\/span><\/p>\n<\/td>\n<\/tr>\n<tr>\n<td>\n<p><span style=\"font-weight: 400;\">__utmz<\/span><\/p>\n<\/td>\n<td>\n<p><span style=\"font-weight: 400;\">Von Drittanbietern (Google Analytics)<\/span><\/p>\n<\/td>\n<td>\n<p><span style=\"font-weight: 400;\">6 Monate<\/span><\/p>\n<\/td>\n<td>\n<p><span style=\"font-weight: 400;\">Speichert die Herkunft oder die Kampagne, die erkl\u00e4rt, wie der Benutzer auf die Webseite gelangt ist<\/span><\/p>\n<\/td>\n<td>\n<p><span style=\"font-weight: 400;\">Nicht befreit<\/span><\/p>\n<\/td>\n<\/tr>\n<\/tbody>\n<\/table>\n<p><span style=\"font-weight: 400;\">Dar\u00fcber hinaus k\u00f6nnen Cookies je nach Zweck wie folgt klassifiziert werden:<\/span><\/p>\n<p><span style=\"font-weight: 400;\">Performance-Cookies<\/span><\/p>\n<p><span style=\"font-weight: 400;\">Diese Art von Cookie merkt sich Ihre Pr\u00e4ferenzen f\u00fcr die in den Diensten enthaltenen Tools, sodass Sie den Dienst nicht bei jedem Besuch neu konfigurieren m\u00fcssen. Beispielsweise umfasst diese Typologie: Lautst\u00e4rkeanpassungen von Video- oder Soundplayern. Die Video\u00fcbertragungsgeschwindigkeiten, die mit Ihrem Browser kompatibel sind. Objekte, die in E-Commerce-Diensten wie Gesch\u00e4ften im &#8222;Warenkorb&#8220; gespeichert sind.<\/span><\/p>\n<p><span style=\"font-weight: 400;\">Geolokalisierungs-Cookies<\/span><\/p>\n<p><span style=\"font-weight: 400;\">Diese Cookies werden verwendet, um herauszufinden, in welchem \u200b\u200bLand Sie sich befinden, wenn ein Dienst angefordert wird. Dieses Cookie ist vollst\u00e4ndig anonym und wird nur verwendet, um Inhalte auf Ihren Standort auszurichten.<\/span><\/p>\n<p><span style=\"font-weight: 400;\">Registrierungs-Cookies<\/span><\/p>\n<p><span style=\"font-weight: 400;\">Registrierungs-Cookies werden generiert, sobald sich der Benutzer registriert oder sp\u00e4ter seine Sitzung ge\u00f6ffnet hat, und werden verwendet, um ihn in den Diensten mit den folgenden Zielen zu identifizieren:<\/span><\/p>\n<p><span style=\"font-weight: 400;\">Halten Sie den Benutzer so identifiziert, dass er, wenn er einen Dienst, den Browser oder den Computer schlie\u00dft und zu einem anderen Zeitpunkt oder an einem anderen Tag erneut auf diesen Dienst zugreift, weiterhin identifiziert bleibt, wodurch seine Navigation erleichtert wird, ohne sich identifizieren zu m\u00fcssen wieder. Diese Funktionalit\u00e4t kann unterdr\u00fcckt werden, wenn der Benutzer die Funktion [Sitzung schlie\u00dfen] dr\u00fcckt, sodass dieses Cookie gel\u00f6scht wird und sich der Benutzer beim n\u00e4chsten Aufruf des Dienstes erneut anmelden muss, um identifiziert zu werden.<\/span><\/p>\n<p><span style=\"font-weight: 400;\">\u00dcberpr\u00fcfen Sie, ob der Benutzer berechtigt ist, auf bestimmte Dienste zuzugreifen, z. B. um an einem Wettbewerb teilzunehmen.<\/span><\/p>\n<p><span style=\"font-weight: 400;\">Dar\u00fcber hinaus k\u00f6nnen einige Dienste Konnektoren mit sozialen Netzwerken wie Facebook oder Twitter verwenden. Wenn sich der Benutzer bei einem Dienst mit Zugangsdaten aus einem sozialen Netzwerk anmeldet, autorisiert er das soziale Netzwerk, ein dauerhaftes Cookie zu speichern, das sich an seine Identit\u00e4t erinnert und ihm Zugriff auf die Dienste gew\u00e4hrt, bis es abl\u00e4uft. Der Benutzer kann dieses Cookie l\u00f6schen und den Zugriff auf Dienste \u00fcber soziale Netzwerke widerrufen, indem er seine Einstellungen in dem jeweiligen sozialen Netzwerk aktualisiert.<\/span><\/p>\n<p><span style=\"font-weight: 400;\">Analyse-Cookies<\/span><\/p>\n<p><span style=\"font-weight: 400;\">Jedes Mal, wenn ein Benutzer einen Dienst besucht, generiert ein Tool eines externen Anbieters ein analytisches Cookie auf dem Computer des Benutzers. Dieses Cookie, das nur w\u00e4hrend des Besuchs generiert wird, dient bei zuk\u00fcnftigen Besuchen der Dienste von Productos Argentinos SL dazu, den Besucher anonym zu identifizieren. Die verfolgten Hauptziele sind:<\/span><\/p>\n<p><span style=\"font-weight: 400;\">Erm\u00f6glichen Sie die anonyme Identifizierung von surfenden Benutzern durch das Cookie (identifiziert Browser und Ger\u00e4te, nicht Personen) und damit die ungef\u00e4hre Erfassung der Anzahl der Besucher und ihrer Entwicklung im Laufe der Zeit.<\/span><\/p>\n<p><span style=\"font-weight: 400;\">Identifizieren Sie anonym die am h\u00e4ufigsten besuchten Inhalte und machen Sie sie daher attraktiver f\u00fcr Benutzer. Wissen Sie, ob der Benutzer, der darauf zugreift, ein neuer oder wiederholter Besuch ist.<\/span><\/p>\n<p><span style=\"font-weight: 400;\">Wichtig: Sofern sich der Benutzer nicht entscheidet, sich f\u00fcr einen Dienst von Productos Argentinos SL zu registrieren, wird das Cookie niemals mit pers\u00f6nlichen Daten verkn\u00fcpft, die ihn identifizieren k\u00f6nnen. Diese Cookies werden nur f\u00fcr statistische Zwecke verwendet, die dabei helfen, die Benutzererfahrung auf der Website zu optimieren.<\/span><\/p>\n<p><span style=\"font-weight: 400;\">Werbe-Cookies<\/span><\/p>\n<p><span style=\"font-weight: 400;\">Diese Art von Cookie erm\u00f6glicht es, die Informationen der Werbung zu erweitern, die jedem anonymen Benutzer in den Diensten von Productos Argentinos SL angezeigt wird. Unter anderem werden die Dauer oder H\u00e4ufigkeit der Anzeige von Werbepositionen, die Interaktion mit ihnen oder das Browsing- und\/oder Nutzerverhalten gespeichert, da sie helfen, ein Profil von Werbeinteressen zu erstellen. Auf diese Weise erm\u00f6glichen sie es uns, interessenbezogene Werbung anzubieten.<\/span><\/p>\n<p><span style=\"font-weight: 400;\">Werbe-Cookies von Drittanbietern<\/span><\/p>\n<p><span style=\"font-weight: 400;\">Zus\u00e4tzlich zu der Werbung, die von den Websites von Productos Argentinos SL in ihren Diensten verwaltet wird, bieten die Websites von Productos Argentinos SL ihren Werbetreibenden die M\u00f6glichkeit, Anzeigen \u00fcber Dritte (\u201eAd-Server\u201c) zu schalten. Auf diese Weise k\u00f6nnen diese Dritten Cookies speichern, die von den Diensten von Productos Argentinos SL von den Browsern der Benutzer gesendet werden, sowie auf die darin gespeicherten Daten zugreifen.<\/span><\/p>\n<p><span style=\"font-weight: 400;\">Die Unternehmen, die diese Cookies generieren, haben ihre eigenen Datenschutzrichtlinien. Derzeit verwenden die Websites von Productos Argentinos SL die Plattform Doubleclick (Google), um diese Dienste zu verwalten. Weitere Informationen finden Sie unter<\/span><\/p>\n<p><a href=\"http:\/\/www.google.es\/policies\/privacy\/ads\/#toc-doubleclick\"><span style=\"font-weight: 400;\">http:\/\/www.google.es\/policies\/privacy\/ads\/#toc-doubleclick<\/span><\/a><span style=\"font-weight: 400;\">\u00a0 und\u00a0 <\/span><a href=\"http:\/\/www.google.es\/policies\/privacy\/ads\/\"><span style=\"font-weight: 400;\">http:\/\/www.google.es\/policies\/privacy\/ads\/<\/span><\/a><span style=\"font-weight: 400;\"> .<\/span><\/p>\n<p><span style=\"font-weight: 400;\">Wie kann ich Cookies in meinem Browser deaktivieren?<\/span><\/p>\n<p><span style=\"font-weight: 400;\">Die verschiedenen Browser k\u00f6nnen so konfiguriert werden, dass sie den Benutzer \u00fcber den Empfang von Cookies informieren und, falls gew\u00fcnscht, deren Installation auf dem Computer verhindern. Ebenso kann der Benutzer in seinem Browser \u00fcberpr\u00fcfen, welche Cookies er installiert hat und wie ihre Ablaufzeit ist, um sie zu l\u00f6schen.<\/span><\/p>\n<p><span style=\"font-weight: 400;\">Weitere Informationen finden Sie in den Anweisungen und Handb\u00fcchern Ihres Browsers:<\/span><\/p>\n<p><span style=\"font-weight: 400;\">Weitere Informationen zur Verwaltung von Cookies in Google Chrome:\u00a0 <\/span><a href=\"https:\/\/support.google.com\/chrome\/answer\/95647?hl=es\"><span style=\"font-weight: 400;\">https:\/\/support.google.com\/chrome\/answer\/95647?hl=es<\/span><\/a><\/p>\n<p><span style=\"font-weight: 400;\">Weitere Informationen zum Verwalten von Cookies in Internet Explorer:\u00a0 <\/span><a href=\"http:\/\/windows.microsoft.com\/es-es\/windows-vista\/cookies-frequently-asked-questions\"><span style=\"font-weight: 400;\">http:\/\/windows.microsoft.com\/es-es\/windows-vista\/cookies-frequently-asked-questions<\/span><\/a><\/p>\n<p><span style=\"font-weight: 400;\">Weitere Informationen zur Verwaltung von Cookies in Mozilla Firefox:\u00a0 <\/span><a href=\"http:\/\/support.mozilla.org\/es\/kb\/habilitar-y-deshabilitar-cookies-que-los-sitios-we%20\"><span style=\"font-weight: 400;\">http:\/\/support.mozilla.org\/es\/kb\/habilitar-y-deshabilitar-cookies-que-los-sitios-we<\/span><\/a><\/p>\n<p><span style=\"font-weight: 400;\">Weitere Informationen zum Verwalten von Cookies in Safari:\u00a0 <\/span><a href=\"http:\/\/www.apple.com\/es\/privacy\/use-of-cookies\/%20\"><span style=\"font-weight: 400;\">http:\/\/www.apple.com\/es\/privacy\/use-of-cookies\/<\/span><\/a><\/p>\n<p><span style=\"font-weight: 400;\">Weitere Informationen zum Verwalten von Cookies in Opera:\u00a0 <\/span><a href=\"http:\/\/help.opera.com\/Windows\/11.50\/es-ES\/cookies.html\"><span style=\"font-weight: 400;\">http:\/\/help.opera.com\/Windows\/11.50\/es-ES\/cookies.html<\/span><\/a><\/p>\n<p><span style=\"font-weight: 400;\">Wenn Sie das Tracking durch Google Analytics beenden m\u00f6chten, besuchen Sie:\u00a0 <\/span><a href=\"http:\/\/tools.google.com\/dlpage\/gaoptout\"><span style=\"font-weight: 400;\">http:\/\/tools.google.com\/dlpage\/gaoptout<\/span><\/a><\/p>\n<p><span style=\"font-weight: 400;\">Um mehr \u00fcber Cookies zu erfahren<\/span><\/p>\n<p><span style=\"font-weight: 400;\">Weitere Informationen \u00fcber verhaltensbasierte Online-Werbung und Online-Datenschutz erhalten Sie unter folgendem Link:\u00a0 <\/span><a href=\"http:\/\/www.youronlinechoices.com\/es\/\"><span style=\"font-weight: 400;\">http:\/\/www.youronlinechoices.com\/es\/<\/span><\/a><\/p>\n<p><span style=\"font-weight: 400;\">Datenschutz Google Analytics:\u00a0 <\/span><a href=\"http:\/\/www.google.com\/analytics\/learn\/privacy.html\"><span style=\"font-weight: 400;\">http:\/\/www.google.com\/analytics\/learn\/privacy.html<\/span><\/a><\/p>\n<p><span style=\"font-weight: 400;\">Wie Google Analytics Cookies verwendet:\u00a0 <\/span><a href=\"https:\/\/developers.google.com\/analytics\/devguides\/collection\/analyticsjs\/cookie-usage?hl=es#analyticsjs\"><span style=\"font-weight: 400;\">https:\/\/developers.google.com\/analytics\/devguides\/collection\/analyticsjs\/cookie-usage?hl=es#analyticsjs<\/span><\/a><\/p>\n<p><span style=\"font-weight: 400;\">Aktualisierungen und \u00c4nderungen in der Datenschutzerkl\u00e4rung \/ Cookies<\/span><\/p>\n<p><span style=\"font-weight: 400;\">Die Websites von Productos Argentinos SL k\u00f6nnen diese Cookie-Richtlinie aufgrund gesetzlicher oder beh\u00f6rdlicher Anforderungen \u00e4ndern oder um diese Richtlinie an die Anweisungen der spanischen Datenschutzbeh\u00f6rde anzupassen. Aus diesem Grund wird den Benutzern empfohlen, sie regelm\u00e4\u00dfig zu besuchen.<\/span><\/p>\n<p><span style=\"font-weight: 400;\">Wenn wesentliche \u00c4nderungen an dieser Cookie-Richtlinie vorgenommen werden, werden diese den Benutzern entweder \u00fcber das Internet oder per E-Mail an registrierte Benutzer mitgeteilt.<\/span><\/p>\n\t\t\t\t\t\t\t\t<\/div>\n\t\t\t\t<\/div>\n\t\t\t\t\t<\/div>\n\t\t<\/div>\n\t\t\t\t\t<\/div>\n\t\t<\/section>\n\t\t\t\t<\/div>\n\t\t","protected":false},"excerpt":{"rendered":"<p>Cookie-Richtlinie Auf dieser Website werden Cookies von Drittanbietern und eigene Cookies verwendet, um sicherzustellen, dass Sie ein besseres Surferlebnis haben, Sie Inhalte in sozialen Netzwerken teilen k\u00f6nnen und damit wir Benutzerstatistiken erhalten k\u00f6nnen. Sie k\u00f6nnen das Herunterladen von Cookies durch die Konfiguration Ihres Browsers verhindern und verhindern, dass Cookies auf Ihrem Ger\u00e4t gespeichert werden. Als [&hellip;]<\/p>\n","protected":false},"author":1,"featured_media":0,"parent":0,"menu_order":0,"comment_status":"closed","ping_status":"open","template":"","meta":{"_vp_format_video_url":"","_vp_image_focal_point":[],"footnotes":""},"class_list":["post-12908","page","type-page","status-publish","hentry"],"_links":{"self":[{"href":"https:\/\/decero.eu\/de\/wp-json\/wp\/v2\/pages\/12908","targetHints":{"allow":["GET"]}}],"collection":[{"href":"https:\/\/decero.eu\/de\/wp-json\/wp\/v2\/pages"}],"about":[{"href":"https:\/\/decero.eu\/de\/wp-json\/wp\/v2\/types\/page"}],"author":[{"embeddable":true,"href":"https:\/\/decero.eu\/de\/wp-json\/wp\/v2\/users\/1"}],"replies":[{"embeddable":true,"href":"https:\/\/decero.eu\/de\/wp-json\/wp\/v2\/comments?post=12908"}],"version-history":[{"count":5,"href":"https:\/\/decero.eu\/de\/wp-json\/wp\/v2\/pages\/12908\/revisions"}],"predecessor-version":[{"id":12913,"href":"https:\/\/decero.eu\/de\/wp-json\/wp\/v2\/pages\/12908\/revisions\/12913"}],"wp:attachment":[{"href":"https:\/\/decero.eu\/de\/wp-json\/wp\/v2\/media?parent=12908"}],"curies":[{"name":"wp","href":"https:\/\/api.w.org\/{rel}","templated":true}]}}