{"id":12917,"date":"2022-06-21T21:30:42","date_gmt":"2022-06-21T21:30:42","guid":{"rendered":"https:\/\/decero.eu\/?page_id=12917"},"modified":"2022-06-21T21:30:44","modified_gmt":"2022-06-21T21:30:44","slug":"datenschutz-bestimmungen","status":"publish","type":"page","link":"https:\/\/decero.eu\/de\/datenschutz-bestimmungen","title":{"rendered":"Datenschutz-Bestimmungen"},"content":{"rendered":"\n<h1 class=\"wp-block-heading\"><\/h1>\n\n\n\n<p>DATENSCHUTZ-BESTIMMUNGEN<\/p>\n\n\n\n<p>Diese Datenschutzrichtlinie legt die Bedingungen fest, unter denen DeCero Proyectos y Reformas die Informationen verwendet und sch\u00fctzt, die von seinen Benutzern bei der Nutzung seiner Website bereitgestellt werden. Dieses Unternehmen ist der Sicherheit der Daten seiner Benutzer verpflichtet. Wenn wir Sie bitten, die Felder mit personenbezogenen Daten auszuf\u00fcllen, mit denen Sie identifiziert werden k\u00f6nnen, tun wir dies, indem wir sicherstellen, dass diese nur in \u00dcbereinstimmung mit den Bedingungen dieses Dokuments verwendet werden. Diese Datenschutzrichtlinie kann sich jedoch im Laufe der Zeit \u00e4ndern oder aktualisiert werden, daher empfehlen und betonen wir, dass Sie diese Seite st\u00e4ndig \u00fcberpr\u00fcfen, um sicherzustellen, dass Sie mit solchen \u00c4nderungen einverstanden sind.<\/p>\n\n\n\n<p>Informationen, die gesammelt werden<\/p>\n\n\n\n<p>Unsere Website kann personenbezogene Daten erfassen wie: Name, Kontaktinformationen wie Ihre E-Mail-Adresse und demografische Informationen. Ebenso k\u00f6nnen bei Bedarf bestimmte Informationen erforderlich sein, um eine Bestellung zu bearbeiten oder eine Lieferung oder Abrechnung vorzunehmen.<\/p>\n\n\n\n<p>Verwendung der gesammelten Informationen<\/p>\n\n\n\n<p>Unsere Website verwendet die Informationen, um den bestm\u00f6glichen Service zu bieten, insbesondere um Benutzer und ggf. Bestellungen aufzuzeichnen und unsere Produkte und Dienstleistungen zu verbessern. Es ist m\u00f6glich, dass \u00fcber unsere Website regelm\u00e4\u00dfig E-Mails mit Sonderangeboten, neuen Produkten und anderen Werbeinformationen gesendet werden, die wir f\u00fcr Sie als relevant erachten oder die Ihnen Vorteile bieten k\u00f6nnten. Diese E-Mails werden an die von Ihnen angegebene Adresse gesendet und k\u00f6nnen gel\u00f6scht werden &#8230; jederzeit.<\/p>\n\n\n\n<p>DeCero Proyectos y Reformas engagiert sich sehr daf\u00fcr, die Verpflichtung zum Schutz Ihrer Daten zu erf\u00fcllen. Wir verwenden die fortschrittlichsten Systeme und aktualisieren sie st\u00e4ndig, um sicherzustellen, dass kein unbefugter Zugriff erfolgt.<\/p>\n\n\n\n<p>Kekse<\/p>\n\n\n\n<p>Ein Cookie bezieht sich auf eine Datei, die mit dem Zweck gesendet wird, die Erlaubnis anzufordern, auf Ihrem Computer gespeichert zu werden, durch Akzeptieren dieser Datei wird sie erstellt und das Cookie dient dann dazu, Informationen \u00fcber den Webverkehr zu erhalten, und erleichtert auch zuk\u00fcnftige Besuche auf einer Website. wiederkehrend. Eine weitere Funktion von Cookies besteht darin, dass Websites Sie mit ihnen individuell erkennen und Ihnen daher den besten personalisierten Service auf ihrer Website bieten k\u00f6nnen.<\/p>\n\n\n\n<p>Unsere Website verwendet Cookies, um die besuchten Seiten und deren H\u00e4ufigkeit erkennen zu k\u00f6nnen. Diese Informationen werden nur f\u00fcr statistische Auswertungen verwendet und dann endg\u00fcltig gel\u00f6scht. Sie k\u00f6nnen Cookies jederzeit von Ihrem Computer l\u00f6schen. Cookies helfen jedoch, einen besseren Service auf Websites bereitzustellen, sie geben keinen Zugriff auf Informationen auf Ihrem Computer oder Ihnen, es sei denn, Sie m\u00f6chten dies und versorgen ihn direkt mit Nachrichten. Sie k\u00f6nnen die Verwendung von Cookies akzeptieren oder ablehnen, die meisten Browser akzeptieren Cookies jedoch automatisch, da dies einem besseren Webservice dient. Sie k\u00f6nnen auch Ihre Computereinstellungen \u00e4ndern, um Cookies abzulehnen. Wenn sie abgelehnt werden, k\u00f6nnen Sie einige unserer Dienste m\u00f6glicherweise nicht nutzen.<\/p>\n\n\n\n<p>Links von Drittanbietern<\/p>\n\n\n\n<p>Diese Website kann Links zu anderen Websites enthalten, die f\u00fcr Sie von Interesse sein k\u00f6nnten. Sobald Sie auf diese Links klicken und unsere Seite verlassen, haben wir keine Kontrolle mehr \u00fcber die Website, zu der Sie weitergeleitet werden, und sind daher nicht verantwortlich f\u00fcr die Bedingungen oder den Datenschutz oder den Schutz Ihrer Daten auf diesen anderen Websites Dritter. Diese Websites unterliegen ihren eigenen Datenschutzrichtlinien, daher wird empfohlen, dass Sie sie konsultieren, um zu best\u00e4tigen, dass Sie ihnen zustimmen.<\/p>\n\n\n\n<p>Kontrolle Ihrer pers\u00f6nlichen Daten<\/p>\n\n\n\n<p>Sie k\u00f6nnen die Erhebung oder Verwendung personenbezogener Daten, die unserer Website zur Verf\u00fcgung gestellt werden, jederzeit einschr\u00e4nken. Jedes Mal, wenn Sie aufgefordert werden, ein Formular auszuf\u00fcllen, z. B. das Benutzerregistrierungsformular, k\u00f6nnen Sie die Option zum Erhalt von Informationen per E-Mail aktivieren oder deaktivieren. Wenn Sie die Option markiert haben, unseren Newsletter oder Werbung zu erhalten, k\u00f6nnen Sie diese jederzeit k\u00fcndigen.<\/p>\n\n\n\n<p>Dieses Unternehmen wird ohne Ihre Zustimmung keine personenbezogenen Daten verkaufen, abtreten oder verteilen, es sei denn, dies wird von einem Richter mit Gerichtsbeschluss verlangt.<\/p>\n\n\n\n<p>DeCero Proyectos y Reformas beh\u00e4lt sich das Recht vor, die Bedingungen dieser Datenschutzrichtlinie jederzeit zu \u00e4ndern.<\/p>\n","protected":false},"excerpt":{"rendered":"<p>DATENSCHUTZ-BESTIMMUNGEN Diese Datenschutzrichtlinie legt die Bedingungen fest, unter denen DeCero Proyectos y Reformas die Informationen verwendet und sch\u00fctzt, die von seinen Benutzern bei der Nutzung seiner Website bereitgestellt werden. Dieses Unternehmen ist der Sicherheit der Daten seiner Benutzer verpflichtet. Wenn wir Sie bitten, die Felder mit personenbezogenen Daten auszuf\u00fcllen, mit denen Sie identifiziert werden k\u00f6nnen, [&hellip;]<\/p>\n","protected":false},"author":1,"featured_media":0,"parent":0,"menu_order":0,"comment_status":"closed","ping_status":"open","template":"","meta":{"_vp_format_video_url":"","_vp_image_focal_point":[],"footnotes":""},"class_list":["post-12917","page","type-page","status-publish","hentry"],"_links":{"self":[{"href":"https:\/\/decero.eu\/de\/wp-json\/wp\/v2\/pages\/12917","targetHints":{"allow":["GET"]}}],"collection":[{"href":"https:\/\/decero.eu\/de\/wp-json\/wp\/v2\/pages"}],"about":[{"href":"https:\/\/decero.eu\/de\/wp-json\/wp\/v2\/types\/page"}],"author":[{"embeddable":true,"href":"https:\/\/decero.eu\/de\/wp-json\/wp\/v2\/users\/1"}],"replies":[{"embeddable":true,"href":"https:\/\/decero.eu\/de\/wp-json\/wp\/v2\/comments?post=12917"}],"version-history":[{"count":1,"href":"https:\/\/decero.eu\/de\/wp-json\/wp\/v2\/pages\/12917\/revisions"}],"predecessor-version":[{"id":12918,"href":"https:\/\/decero.eu\/de\/wp-json\/wp\/v2\/pages\/12917\/revisions\/12918"}],"wp:attachment":[{"href":"https:\/\/decero.eu\/de\/wp-json\/wp\/v2\/media?parent=12917"}],"curies":[{"name":"wp","href":"https:\/\/api.w.org\/{rel}","templated":true}]}}