{"id":12919,"date":"2022-06-21T21:33:43","date_gmt":"2022-06-21T21:33:43","guid":{"rendered":"https:\/\/decero.eu\/?page_id=12919"},"modified":"2022-06-21T21:33:44","modified_gmt":"2022-06-21T21:33:44","slug":"rechtlicher-hinweis","status":"publish","type":"page","link":"https:\/\/decero.eu\/de\/rechtlicher-hinweis","title":{"rendered":"Rechtlicher Hinweis"},"content":{"rendered":"\n<h1 class=\"wp-block-heading\"><\/h1>\n\n\n\n<h1 class=\"wp-block-heading\"><\/h1>\n\n\n\n<p>Impressum und Nutzungsbedingungen<\/p>\n\n\n\n<p>In diesem Bereich kann der BENUTZER alle Informationen zu den rechtlichen Bedingungen finden, die die Beziehungen zwischen den Benutzern und uns als Verantwortlichen dieser Website definieren. Als Benutzer ist es wichtig, dass Sie diese Begriffe kennen, bevor Sie mit der Navigation fortfahren. DeCero Proyectos y Reformas.. Als Verantwortlicher dieser Website verpflichtet sie sich, die Informationen unserer Benutzer und Kunden mit vollen Garantien zu verarbeiten und die nationalen und europ\u00e4ischen Anforderungen einzuhalten, die die Erhebung und Verwendung personenbezogener Daten regeln unserer Nutzer. Diese Website h\u00e4lt sich daher strikt an die RGPD (VERORDNUNG (EU) 2016\/679 zum Datenschutz) und das LSSI-CE-Gesetz 34\/2002 vom 11. Juli \u00fcber Dienste der Informationsgesellschaft und den elektronischen Handel.<\/p>\n\n\n\n<p>ALLGEMEINE NUTZUNGSBEDINGUNGEN<\/p>\n\n\n\n<p>Diese Allgemeinen Gesch\u00e4ftsbedingungen regeln die Nutzung (einschlie\u00dflich des blo\u00dfen Zugriffs) der Webseiten, Mitglieder der Website www.decero.eu, einschlie\u00dflich der darauf bereitgestellten Inhalte und Dienste. Jede Person, die auf die Website www.decero.eu (\u201eBenutzer\u201c) zugreift, verpflichtet sich, sich den jederzeit g\u00fcltigen Allgemeinen Gesch\u00e4ftsbedingungen des Portals www.decero.eu zu unterwerfen.<\/p>\n\n\n\n<p>PERSONENBEZOGENE DATEN, DIE WIR ERHEBEN UND WIE WIR ES TUN<\/p>\n\n\n\n<p>Datenschutzrichtlinie lesen<\/p>\n\n\n\n<p>VERPFLICHTUNGEN UND PFLICHTEN DER BENUTZER<\/p>\n\n\n\n<p>Der Benutzer wird dar\u00fcber informiert und akzeptiert, dass der Zugriff auf diese Website in keiner Weise den Beginn einer Gesch\u00e4ftsbeziehung mit www.decero.eu bedeutet. Auf diese Weise verpflichtet sich der Benutzer, die Website, ihre Dienste und Inhalte zu nutzen, ohne gegen geltendes Recht, Treu und Glauben und die \u00f6ffentliche Ordnung zu versto\u00dfen.<\/p>\n\n\n\n<p>Die Nutzung der Website f\u00fcr illegale oder sch\u00e4dliche Zwecke oder die in irgendeiner Weise Sch\u00e4den verursachen oder das normale Funktionieren der Website verhindern k\u00f6nnen, ist untersagt. In Bezug auf den Inhalt dieser Website ist Folgendes untersagt: Ihre Vervielf\u00e4ltigung, Verbreitung oder \u00c4nderung, ganz oder teilweise, es sei denn, sie wurde von ihren rechtm\u00e4\u00dfigen Eigent\u00fcmern autorisiert; Jede Verletzung der Rechte des Anbieters oder der rechtm\u00e4\u00dfigen Eigent\u00fcmer; Seine Verwendung f\u00fcr kommerzielle oder Werbezwecke.<\/p>\n\n\n\n<p>Durch die Nutzung der Website www.decero.eu verpflichtet sich der Nutzer, keine Verhaltensweisen vorzunehmen, die das Ansehen, die Interessen und Rechte von www.decero.eu oder Dritten sch\u00e4digen oder das Portal besch\u00e4digen, deaktivieren oder \u00fcberlasten k\u00f6nnten (Hinweis: Domain) oder in irgendeiner Weise die normale Nutzung des Internets verhindern. Der Benutzer muss sich jedoch dar\u00fcber im Klaren sein, dass die Sicherheitsma\u00dfnahmen von Computersystemen im Internet nicht vollst\u00e4ndig zuverl\u00e4ssig sind und dass www.decero.eu daher nicht garantieren kann, dass keine Viren oder andere Elemente vorhanden sind, die \u00c4nderungen in den Computersystemen (Software) verursachen k\u00f6nnen und Hardware) des Nutzers oder in seinen darin enthaltenen elektronischen Dokumenten und Dateien.<\/p>\n\n\n\n<p>SICHERHEITSMASSNAHMEN<\/p>\n\n\n\n<p>Die vom Benutzer an www.decero.eu \u00fcbermittelten personenbezogenen Daten k\u00f6nnen in automatisierten Datenbanken gespeichert werden oder nicht, deren Eigentum ausschlie\u00dflich www.decero.eu ist, unter \u00dcbernahme aller technischen, organisatorischen und Sicherheitsma\u00dfnahmen, die die Vertraulichkeit, Integrit\u00e4t und Qualit\u00e4t gew\u00e4hrleisten der darin enthaltenen Informationen gem\u00e4\u00df den Bestimmungen der geltenden Datenschutzbestimmungen.<\/p>\n\n\n\n<p>Die Kommunikation zwischen Benutzern und www.decero.eu verwendet einen sicheren Kanal, und die \u00fcbertragenen Daten werden dank https-Protokollen verschl\u00fcsselt, daher garantieren wir die besten Sicherheitsbedingungen, damit die Vertraulichkeit der Benutzer gew\u00e4hrleistet ist.<\/p>\n\n\n\n<p>ANSPR\u00dcCHE<\/p>\n\n\n\n<p>www.decero.eu informiert dar\u00fcber, dass Anspruchsformulare f\u00fcr Benutzer und Kunden verf\u00fcgbar sind. Der Benutzer kann Reklamationen geltend machen, indem er sein Reklamationsformular anfordert oder eine E-Mail an&nbsp; info (@) decero.eu sendet , in der er&nbsp; seinen Vor- und Nachnamen, die gekaufte Dienstleistung und\/oder das gekaufte Produkt sowie die Gr\u00fcnde f\u00fcr seine Reklamation angibt.<\/p>\n\n\n\n<p>Der Benutzer\/K\u00e4ufer kann uns die Reklamation entweder per E-Mail an:&nbsp; info (@) decero.eu , auf Wunsch unter Beif\u00fcgung des folgenden Reklamationsformulars mitteilen: Die Dienstleistung\/das Produkt: Am Tag erworben: Name des Benutzers: Adresse des Nutzers: Unterschrift des Nutzers (nur bei Einreichung in Papierform): Datum: Reklamationsgrund:<\/p>\n\n\n\n<p>KONFLIKTL\u00d6SUNGSPLATTFORM<\/p>\n\n\n\n<p>Falls es f\u00fcr Sie von Interesse sein k\u00f6nnte, k\u00f6nnen Sie zur Einreichung Ihrer Anspr\u00fcche auch die von der Europ\u00e4ischen Kommission bereitgestellte Streitbeilegungsplattform nutzen, die unter folgendem Link verf\u00fcgbar ist:&nbsp; <a href=\"http:\/\/ec.europa.eu\/consumers\/odr\/\">http:\/\/ec.europa.eu\/consumers\/odr\/<\/a><\/p>\n\n\n\n<p>GEISTIGE UND GEWERBLICHE EIGENTUMSRECHTE<\/p>\n\n\n\n<p>Gem\u00e4\u00df den Bestimmungen der Artikel 8 und 32.1, zweiter Absatz, des Gesetzes \u00fcber geistiges Eigentum, die Vervielf\u00e4ltigung, Verbreitung und \u00f6ffentliche Wiedergabe, einschlie\u00dflich der Art ihrer Bereitstellung, des gesamten oder eines Teils des Inhalts dieser Website zu kommerziellen Zwecken Zwecke, in jedem Medium und mit allen technischen Mitteln, ohne die Genehmigung von www.decero.eu. Der Benutzer verpflichtet sich, die Rechte an geistigem und gewerblichem Eigentum von www.decero.eu zu respektieren.<\/p>\n\n\n\n<p>Der Benutzer wei\u00df und akzeptiert, dass die gesamte Website, einschlie\u00dflich, aber nicht beschr\u00e4nkt auf Text, Software, Inhalt (einschlie\u00dflich Struktur, Auswahl, Anordnung und Pr\u00e4sentation davon), Podcast, Fotos, audiovisuelles Material und Grafiken, durch Marken, Urheberrechte und Urheberrechte gesch\u00fctzt ist andere legitime Rechte in \u00dcbereinstimmung mit internationalen Vertr\u00e4gen, bei denen Spanien Vertragspartei ist, und anderen Eigentumsrechten und Gesetzen Spaniens. F\u00fcr den Fall, dass ein Benutzer oder ein Dritter der Ansicht ist, dass seine legitimen geistigen Eigentumsrechte aufgrund der Einf\u00fchrung bestimmter Inhalte im Internet verletzt wurden, m\u00fcssen sie www.decero.eu \u00fcber diesen Umstand informieren und dabei Folgendes angeben:<\/p>\n\n\n\n<ul class=\"wp-block-list\"><li>Personenbezogene Daten des Interessenten, der die mutma\u00dflich verletzten Rechte besitzt, oder Angabe der Vertretung, mit der er handelt, falls der Anspruch von einem anderen Dritten als dem Interessenten geltend gemacht wird.<\/li><li>Geben Sie die durch geistige Eigentumsrechte gesch\u00fctzten Inhalte und deren Standort im Internet, die Akkreditierung der angegebenen geistigen Eigentumsrechte und eine ausdr\u00fcckliche Erkl\u00e4rung an, in der die interessierte Partei f\u00fcr die Richtigkeit der in der Benachrichtigung bereitgestellten Informationen verantwortlich ist.<\/li><\/ul>\n\n\n\n<p>EXTERNE LINKS<\/p>\n\n\n\n<p>Die Seiten der Website www.decero.eu k\u00f6nnen Links zu anderen eigenen Websites und Inhalten enthalten, die Dritten geh\u00f6ren. Der einzige Zweck der Links besteht darin, dem Benutzer die M\u00f6glichkeit zu geben, auf diese Links zuzugreifen. www.decero.eu ist in keinem Fall f\u00fcr die Ergebnisse verantwortlich, die der Benutzer durch den Zugriff auf diese Links erh\u00e4lt.<\/p>\n\n\n\n<p>Au\u00dferdem findet der Benutzer auf dieser Website Seiten, Werbeaktionen und Partnerprogramme, die auf die Surfgewohnheiten der Benutzer zugreifen, um Profile zu erstellen. Diese Informationen sind immer anonym und der Benutzer wird nicht identifiziert.<\/p>\n\n\n\n<p>Informationen, die auf diesen gesponserten Websites oder Affiliate-Links bereitgestellt werden, unterliegen den auf diesen Websites verwendeten Datenschutzrichtlinien und unterliegen nicht dieser Datenschutzrichtlinie. Daher empfehlen wir Benutzern dringend, die Datenschutzrichtlinien von Affiliate-Links sorgf\u00e4ltig zu pr\u00fcfen.<\/p>\n\n\n\n<p>Der Benutzer, der beabsichtigt, von seiner Website ein technisches Verbindungsger\u00e4t zum Portal www.decero.eu einzurichten, muss die vorherige schriftliche Genehmigung von www.decero.eu einholen. Die Einrichtung des Links impliziert in keinem Fall das Bestehen von Beziehungen zwischen www .decero.eu .decero.eu und dem Eigent\u00fcmer der Website, auf der der Link eingerichtet wird, noch die Annahme oder Genehmigung seiner Inhalte oder Dienste durch www.decero.eu<\/p>\n\n\n\n<p>KOMMENTARRICHTLINIE<\/p>\n\n\n\n<p>Auf unserer Website sind Kommentare und Kommentare erlaubt, um den Inhalt zu bereichern und Anfragen zu stellen. Kommentare, die sich nicht auf das Thema dieser Website beziehen, die Verleumdungen, Beleidigungen, Beleidigungen, pers\u00f6nliche Angriffe oder allgemein Respektlosigkeit gegen\u00fcber dem Autor oder anderen Mitgliedern beinhalten, werden nicht akzeptiert. Kommentare, die offensichtlich irref\u00fchrende oder falsche Angaben enthalten, sowie Kommentare, die personenbezogene Daten wie z. B. Privatadressen oder Telefonnummern enthalten und gegen unsere Datenschutzbestimmungen versto\u00dfen, werden ebenfalls gel\u00f6scht.<\/p>\n\n\n\n<p>Ebenso werden Kommentare, die ausschlie\u00dflich zu Werbezwecken einer Website, Person oder Gruppe erstellt wurden, und alles, was im Allgemeinen als Spam angesehen werden kann, abgelehnt.<\/p>\n\n\n\n<p>Anonyme Kommentare sind nicht erlaubt, ebenso wie solche, die von derselben Person mit unterschiedlichen Spitznamen abgegeben werden. Kommentare, die versuchen, eine Debatte oder eine Position eines anderen Benutzers zu erzwingen, werden ebenfalls nicht ber\u00fccksichtigt.<\/p>\n\n\n\n<p>AUSSCHLUSS VON GARANTIEN UND HAFTUNG<\/p>\n\n\n\n<p>Der Anbieter gew\u00e4hrt keine Garantie und haftet in keinem Fall f\u00fcr Sch\u00e4den jeglicher Art, die verursacht werden k\u00f6nnten durch:<\/p>\n\n\n\n<ul class=\"wp-block-list\"><li>Der Mangel an Verf\u00fcgbarkeit, Wartung und effektivem Betrieb der Website oder ihrer Dienste und Inhalte;<\/li><li>Das Vorhandensein von Viren, b\u00f6sartigen oder sch\u00e4dlichen Programmen in den Inhalten;<\/li><li>Die unerlaubte, fahrl\u00e4ssige, betr\u00fcgerische Nutzung oder im Widerspruch zu diesem rechtlichen Hinweis;<\/li><li>Der Mangel an Rechtm\u00e4\u00dfigkeit, Qualit\u00e4t, Zuverl\u00e4ssigkeit, N\u00fctzlichkeit und Verf\u00fcgbarkeit der Dienste, die von Dritten bereitgestellt und den Benutzern auf der Website zur Verf\u00fcgung gestellt werden.<\/li><li>Der Anbieter haftet unter keinen Umst\u00e4nden f\u00fcr Sch\u00e4den, die durch die illegale oder missbr\u00e4uchliche Nutzung dieser Website entstehen.<\/li><\/ul>\n\n\n\n<p>ANWENDBARES RECHT UND GERICHTSSTAND<\/p>\n\n\n\n<p>Im Allgemeinen unterliegen die Beziehungen zwischen www.decero.eu und den Nutzern seiner Telematikdienste, die auf dieser Website pr\u00e4sentiert werden, der spanischen Gesetzgebung und Gerichtsbarkeit sowie den Gerichten.<\/p>\n\n\n\n<p>KONTAKT<\/p>\n\n\n\n<p>F\u00fcr den Fall, dass ein Benutzer Fragen zu diesen rechtlichen Bedingungen oder Kommentare zum Portal www.decero.eu hat, gehen Sie bitte zu&nbsp; info (@) decero.eu<\/p>\n\n\n\n<p>Vom Team von DeCero Proyectos y Reformas. Wir sch\u00e4tzen die Zeit, die Sie mit dem Lesen dieses rechtlichen Hinweises verbracht haben<\/p>\n","protected":false},"excerpt":{"rendered":"<p>Impressum und Nutzungsbedingungen In diesem Bereich kann der BENUTZER alle Informationen zu den rechtlichen Bedingungen finden, die die Beziehungen zwischen den Benutzern und uns als Verantwortlichen dieser Website definieren. Als Benutzer ist es wichtig, dass Sie diese Begriffe kennen, bevor Sie mit der Navigation fortfahren. DeCero Proyectos y Reformas.. Als Verantwortlicher dieser Website verpflichtet sie [&hellip;]<\/p>\n","protected":false},"author":1,"featured_media":0,"parent":0,"menu_order":0,"comment_status":"closed","ping_status":"open","template":"","meta":{"_vp_format_video_url":"","_vp_image_focal_point":[],"footnotes":""},"class_list":["post-12919","page","type-page","status-publish","hentry"],"_links":{"self":[{"href":"https:\/\/decero.eu\/de\/wp-json\/wp\/v2\/pages\/12919","targetHints":{"allow":["GET"]}}],"collection":[{"href":"https:\/\/decero.eu\/de\/wp-json\/wp\/v2\/pages"}],"about":[{"href":"https:\/\/decero.eu\/de\/wp-json\/wp\/v2\/types\/page"}],"author":[{"embeddable":true,"href":"https:\/\/decero.eu\/de\/wp-json\/wp\/v2\/users\/1"}],"replies":[{"embeddable":true,"href":"https:\/\/decero.eu\/de\/wp-json\/wp\/v2\/comments?post=12919"}],"version-history":[{"count":1,"href":"https:\/\/decero.eu\/de\/wp-json\/wp\/v2\/pages\/12919\/revisions"}],"predecessor-version":[{"id":12920,"href":"https:\/\/decero.eu\/de\/wp-json\/wp\/v2\/pages\/12919\/revisions\/12920"}],"wp:attachment":[{"href":"https:\/\/decero.eu\/de\/wp-json\/wp\/v2\/media?parent=12919"}],"curies":[{"name":"wp","href":"https:\/\/api.w.org\/{rel}","templated":true}]}}