{"id":13039,"date":"2022-06-22T22:25:50","date_gmt":"2022-06-22T22:25:50","guid":{"rendered":"https:\/\/decero.eu\/?page_id=13039"},"modified":"2022-06-27T15:47:31","modified_gmt":"2022-06-27T15:47:31","slug":"blog","status":"publish","type":"page","link":"https:\/\/decero.eu\/de\/blog","title":{"rendered":"Blog"},"content":{"rendered":"\t\t<div data-elementor-type=\"wp-page\" data-elementor-id=\"13039\" class=\"elementor elementor-13039\">\n\t\t\t\t\t\t<section class=\"elementor-section elementor-top-section elementor-element elementor-element-aa562ee elementor-section-boxed elementor-section-height-default elementor-section-height-default qodef-elementor-content-no\" data-id=\"aa562ee\" data-element_type=\"section\" data-e-type=\"section\">\n\t\t\t\t\t\t<div class=\"elementor-container elementor-column-gap-default\">\n\t\t\t\t\t<div class=\"elementor-column elementor-col-100 elementor-top-column elementor-element elementor-element-ca12a11\" data-id=\"ca12a11\" data-element_type=\"column\" data-e-type=\"column\">\n\t\t\t<div class=\"elementor-widget-wrap elementor-element-populated\">\n\t\t\t\t\t\t<div class=\"elementor-element elementor-element-3024500 elementor-widget elementor-widget-spacer\" data-id=\"3024500\" data-element_type=\"widget\" data-e-type=\"widget\" data-widget_type=\"spacer.default\">\n\t\t\t\t<div class=\"elementor-widget-container\">\n\t\t\t\t\t\t\t<div class=\"elementor-spacer\">\n\t\t\t<div class=\"elementor-spacer-inner\"><\/div>\n\t\t<\/div>\n\t\t\t\t\t\t<\/div>\n\t\t\t\t<\/div>\n\t\t\t\t\t<\/div>\n\t\t<\/div>\n\t\t\t\t\t<\/div>\n\t\t<\/section>\n\t\t\t\t<section class=\"elementor-section elementor-top-section elementor-element elementor-element-a052879 elementor-section-boxed elementor-section-height-default elementor-section-height-default qodef-elementor-content-no\" data-id=\"a052879\" data-element_type=\"section\" data-e-type=\"section\">\n\t\t\t\t\t\t<div class=\"elementor-container elementor-column-gap-default\">\n\t\t\t\t\t<div class=\"elementor-column elementor-col-100 elementor-top-column elementor-element elementor-element-7800793\" data-id=\"7800793\" data-element_type=\"column\" data-e-type=\"column\">\n\t\t\t<div class=\"elementor-widget-wrap elementor-element-populated\">\n\t\t\t\t\t\t<div class=\"elementor-element elementor-element-5dff0bf elementor-widget elementor-widget-qi_addons_for_elementor_blog_list\" data-id=\"5dff0bf\" data-element_type=\"widget\" data-e-type=\"widget\" data-widget_type=\"qi_addons_for_elementor_blog_list.default\">\n\t\t\t\t<div class=\"elementor-widget-container\">\n\t\t\t\t\t<div class=\"qodef-shortcode qodef-m qodef-addons-blog-list qodef-info-no-icons qodef-image--hover-zoom qodef-qi-grid qodef-layout--qi-columns qodef-col-num--3 qodef-item-layout--boxed qodef-responsive--predefined\" >\n\t<div class=\"qodef-grid-inner\">\n\t\t<article class=\"qodef-e qodef-blog-item qodef-grid-item qodef-item--custom post-13070 post type-post status-publish format-standard has-post-thumbnail hentry category-unkategorisiert\">\n\t<div class=\"qodef-e-inner\">\n\t\t<div class=\"qodef-e-media-holder\">\n\t\t\t<div class=\"qodef-e-media\">\n\t\t<div class=\"qodef-e-media-image\">\n\t\t<a itemprop=\"url\" href=\"https:\/\/decero.eu\/de\/wichtige-gruende-warum-sie-ihr-zuhause-renovieren-sollten-und-wie-sie-es-tun-koennen\">\n\t\t\t<img fetchpriority=\"high\" decoding=\"async\" src=\"https:\/\/decero.eu\/wp-content\/uploads\/2022\/06\/razones_importantes-768x576-1-300x300.jpeg\" alt=\"\" width=\"300\" height=\"300\" \/>\t\t<\/a>\n\t\t\t<\/div>\n<\/div>\n\t\t<\/div>\n\t\t<div class=\"qodef-e-content\">\n\t\t\t\t\t\t<div class=\"qodef-e-text\">\n\t\t\t\t<h4 itemprop=\"name\" class=\"qodef-e-title entry-title\">\n\t<a itemprop=\"url\" class=\"qodef-e-title-link\" href=\"https:\/\/decero.eu\/de\/wichtige-gruende-warum-sie-ihr-zuhause-renovieren-sollten-und-wie-sie-es-tun-koennen\">\n\t\tWichtige Gr\u00fcnde, warum Sie Ihr Zuhause renovieren sollten und wie Sie es tun k\u00f6nnen\t<\/a>\n<\/h4>\n\t\t\t<\/div>\n\t\t\t\t\t\t\t<div class=\"qodef-e-info qodef-info--bottom\">\n\t\t\t\t\t\t<div class=\"qodef-e-read-more\">\n\t\t<a class=\"qodef-shortcode qodef-m qodef-qi-button qodef-html--link qodef-layout--filled qodef-type--icon-boxed qodef-size--small qodef-icon--right qodef-hover--icon-move-horizontal-short qodef-text-underline qodef-underline--left\" href=\"https:\/\/decero.eu\/de\/wichtige-gruende-warum-sie-ihr-zuhause-renovieren-sollten-und-wie-sie-es-tun-koennen\" target=\"_self\">\t<span class=\"qodef-m-text\">Siehe Anmerkung<\/span>\t<\/a>\t<\/div>\n\t\t\t\t<\/div>\n\t\t\t\t\t<\/div>\n\t<\/div>\n<\/article>\n<article class=\"qodef-e qodef-blog-item qodef-grid-item qodef-item--custom post-13058 post type-post status-publish format-standard has-post-thumbnail hentry category-unkategorisiert\">\n\t<div class=\"qodef-e-inner\">\n\t\t<div class=\"qodef-e-media-holder\">\n\t\t\t<div class=\"qodef-e-media\">\n\t\t<div class=\"qodef-e-media-image\">\n\t\t<a itemprop=\"url\" href=\"https:\/\/decero.eu\/de\/warum-ist-es-wichtig-nachbarschaftsgemeinschaften-zu-erhalten\">\n\t\t\t<img decoding=\"async\" src=\"https:\/\/decero.eu\/wp-content\/uploads\/2022\/06\/Mantenimiento-de-Comunidades-768x576-1-300x300.jpeg\" alt=\"\" width=\"300\" height=\"300\" \/>\t\t<\/a>\n\t\t\t<\/div>\n<\/div>\n\t\t<\/div>\n\t\t<div class=\"qodef-e-content\">\n\t\t\t\t\t\t<div class=\"qodef-e-text\">\n\t\t\t\t<h4 itemprop=\"name\" class=\"qodef-e-title entry-title\">\n\t<a itemprop=\"url\" class=\"qodef-e-title-link\" href=\"https:\/\/decero.eu\/de\/warum-ist-es-wichtig-nachbarschaftsgemeinschaften-zu-erhalten\">\n\t\tWarum ist es wichtig, Nachbarschaftsgemeinschaften zu erhalten?\t<\/a>\n<\/h4>\n\t\t\t<\/div>\n\t\t\t\t\t\t\t<div class=\"qodef-e-info qodef-info--bottom\">\n\t\t\t\t\t\t<div class=\"qodef-e-read-more\">\n\t\t<a class=\"qodef-shortcode qodef-m qodef-qi-button qodef-html--link qodef-layout--filled qodef-type--icon-boxed qodef-size--small qodef-icon--right qodef-hover--icon-move-horizontal-short qodef-text-underline qodef-underline--left\" href=\"https:\/\/decero.eu\/de\/warum-ist-es-wichtig-nachbarschaftsgemeinschaften-zu-erhalten\" target=\"_self\">\t<span class=\"qodef-m-text\">Siehe Anmerkung<\/span>\t<\/a>\t<\/div>\n\t\t\t\t<\/div>\n\t\t\t\t\t<\/div>\n\t<\/div>\n<\/article>\n<article class=\"qodef-e qodef-blog-item qodef-grid-item qodef-item--custom post-13114 post type-post status-publish format-standard has-post-thumbnail hentry category-unkategorisiert\">\n\t<div class=\"qodef-e-inner\">\n\t\t<div class=\"qodef-e-media-holder\">\n\t\t\t<div class=\"qodef-e-media\">\n\t\t<div class=\"qodef-e-media-image\">\n\t\t<a itemprop=\"url\" href=\"https:\/\/decero.eu\/de\/so-wissen-sie-ob-sie-erneuern-oder-von-vorne-anfangen-sollten\">\n\t\t\t<img decoding=\"async\" src=\"https:\/\/decero.eu\/wp-content\/uploads\/2021\/10\/renovar-768x576-1-300x300.jpeg\" alt=\"\" width=\"300\" height=\"300\" \/>\t\t<\/a>\n\t\t\t<\/div>\n<\/div>\n\t\t<\/div>\n\t\t<div class=\"qodef-e-content\">\n\t\t\t\t\t\t<div class=\"qodef-e-text\">\n\t\t\t\t<h4 itemprop=\"name\" class=\"qodef-e-title entry-title\">\n\t<a itemprop=\"url\" class=\"qodef-e-title-link\" href=\"https:\/\/decero.eu\/de\/so-wissen-sie-ob-sie-erneuern-oder-von-vorne-anfangen-sollten\">\n\t\tSo wissen Sie, ob Sie erneuern oder von vorne anfangen sollten\t<\/a>\n<\/h4>\n\t\t\t<\/div>\n\t\t\t\t\t\t\t<div class=\"qodef-e-info qodef-info--bottom\">\n\t\t\t\t\t\t<div class=\"qodef-e-read-more\">\n\t\t<a class=\"qodef-shortcode qodef-m qodef-qi-button qodef-html--link qodef-layout--filled qodef-type--icon-boxed qodef-size--small qodef-icon--right qodef-hover--icon-move-horizontal-short qodef-text-underline qodef-underline--left\" href=\"https:\/\/decero.eu\/de\/so-wissen-sie-ob-sie-erneuern-oder-von-vorne-anfangen-sollten\" target=\"_self\">\t<span class=\"qodef-m-text\">Siehe Anmerkung<\/span>\t<\/a>\t<\/div>\n\t\t\t\t<\/div>\n\t\t\t\t\t<\/div>\n\t<\/div>\n<\/article>\n<article class=\"qodef-e qodef-blog-item qodef-grid-item qodef-item--custom post-13102 post type-post status-publish format-standard has-post-thumbnail hentry category-unkategorisiert\">\n\t<div class=\"qodef-e-inner\">\n\t\t<div class=\"qodef-e-media-holder\">\n\t\t\t<div class=\"qodef-e-media\">\n\t\t<div class=\"qodef-e-media-image\">\n\t\t<a itemprop=\"url\" href=\"https:\/\/decero.eu\/de\/so-verwandeln-sie-ein-kinderzimmer-in-ein-jugendzimmer\">\n\t\t\t<img loading=\"lazy\" decoding=\"async\" src=\"https:\/\/decero.eu\/wp-content\/uploads\/2022\/06\/Como-transformar-tu-habitacion-infantil-a-una-habitacion-juvenil-768x576-1-300x300.jpeg\" alt=\"\" width=\"300\" height=\"300\" \/>\t\t<\/a>\n\t\t\t<\/div>\n<\/div>\n\t\t<\/div>\n\t\t<div class=\"qodef-e-content\">\n\t\t\t\t\t\t<div class=\"qodef-e-text\">\n\t\t\t\t<h4 itemprop=\"name\" class=\"qodef-e-title entry-title\">\n\t<a itemprop=\"url\" class=\"qodef-e-title-link\" href=\"https:\/\/decero.eu\/de\/so-verwandeln-sie-ein-kinderzimmer-in-ein-jugendzimmer\">\n\t\tSo verwandeln Sie ein Kinderzimmer in ein Jugendzimmer\t<\/a>\n<\/h4>\n\t\t\t<\/div>\n\t\t\t\t\t\t\t<div class=\"qodef-e-info qodef-info--bottom\">\n\t\t\t\t\t\t<div class=\"qodef-e-read-more\">\n\t\t<a class=\"qodef-shortcode qodef-m qodef-qi-button qodef-html--link qodef-layout--filled qodef-type--icon-boxed qodef-size--small qodef-icon--right qodef-hover--icon-move-horizontal-short qodef-text-underline qodef-underline--left\" href=\"https:\/\/decero.eu\/de\/so-verwandeln-sie-ein-kinderzimmer-in-ein-jugendzimmer\" target=\"_self\">\t<span class=\"qodef-m-text\">Siehe Anmerkung<\/span>\t<\/a>\t<\/div>\n\t\t\t\t<\/div>\n\t\t\t\t\t<\/div>\n\t<\/div>\n<\/article>\n<article class=\"qodef-e qodef-blog-item qodef-grid-item qodef-item--custom post-13076 post type-post status-publish format-standard has-post-thumbnail hentry category-unkategorisiert\">\n\t<div class=\"qodef-e-inner\">\n\t\t<div class=\"qodef-e-media-holder\">\n\t\t\t<div class=\"qodef-e-media\">\n\t\t<div class=\"qodef-e-media-image\">\n\t\t<a itemprop=\"url\" href=\"https:\/\/decero.eu\/de\/schluessel-um-ein-badezimmer-zu-renovieren-und-es-mit-decero-perfekt-zu-machen\">\n\t\t\t<img loading=\"lazy\" decoding=\"async\" src=\"https:\/\/decero.eu\/wp-content\/uploads\/2022\/06\/Claves-para-reformar-un-bano-y-que-quede-perfecto-con-DeCero-768x576-1-300x300.jpeg\" alt=\"\" width=\"300\" height=\"300\" \/>\t\t<\/a>\n\t\t\t<\/div>\n<\/div>\n\t\t<\/div>\n\t\t<div class=\"qodef-e-content\">\n\t\t\t\t\t\t<div class=\"qodef-e-text\">\n\t\t\t\t<h4 itemprop=\"name\" class=\"qodef-e-title entry-title\">\n\t<a itemprop=\"url\" class=\"qodef-e-title-link\" href=\"https:\/\/decero.eu\/de\/schluessel-um-ein-badezimmer-zu-renovieren-und-es-mit-decero-perfekt-zu-machen\">\n\t\tSchl\u00fcssel, um ein Badezimmer zu renovieren und es mit DeCero perfekt zu machen\t<\/a>\n<\/h4>\n\t\t\t<\/div>\n\t\t\t\t\t\t\t<div class=\"qodef-e-info qodef-info--bottom\">\n\t\t\t\t\t\t<div class=\"qodef-e-read-more\">\n\t\t<a class=\"qodef-shortcode qodef-m qodef-qi-button qodef-html--link qodef-layout--filled qodef-type--icon-boxed qodef-size--small qodef-icon--right qodef-hover--icon-move-horizontal-short qodef-text-underline qodef-underline--left\" href=\"https:\/\/decero.eu\/de\/schluessel-um-ein-badezimmer-zu-renovieren-und-es-mit-decero-perfekt-zu-machen\" target=\"_self\">\t<span class=\"qodef-m-text\">Siehe Anmerkung<\/span>\t<\/a>\t<\/div>\n\t\t\t\t<\/div>\n\t\t\t\t\t<\/div>\n\t<\/div>\n<\/article>\n<article class=\"qodef-e qodef-blog-item qodef-grid-item qodef-item--custom post-13063 post type-post status-publish format-standard has-post-thumbnail hentry category-unkategorisiert\">\n\t<div class=\"qodef-e-inner\">\n\t\t<div class=\"qodef-e-media-holder\">\n\t\t\t<div class=\"qodef-e-media\">\n\t\t<div class=\"qodef-e-media-image\">\n\t\t<a itemprop=\"url\" href=\"https:\/\/decero.eu\/de\/ideas-para-ampliar-tu-casa-y-disfrutar-de-tu-nuevo-espacio\">\n\t\t\t<img loading=\"lazy\" decoding=\"async\" src=\"https:\/\/decero.eu\/wp-content\/uploads\/2022\/06\/led-768x576-1-300x300.jpeg\" alt=\"\" width=\"300\" height=\"300\" \/>\t\t<\/a>\n\t\t\t<\/div>\n<\/div>\n\t\t<\/div>\n\t\t<div class=\"qodef-e-content\">\n\t\t\t\t\t\t<div class=\"qodef-e-text\">\n\t\t\t\t<h4 itemprop=\"name\" class=\"qodef-e-title entry-title\">\n\t<a itemprop=\"url\" class=\"qodef-e-title-link\" href=\"https:\/\/decero.eu\/de\/ideas-para-ampliar-tu-casa-y-disfrutar-de-tu-nuevo-espacio\">\n\t\tIdeen, um Ihr Haus zu erweitern und Ihren neuen Raum zu genie\u00dfen\t<\/a>\n<\/h4>\n\t\t\t<\/div>\n\t\t\t\t\t\t\t<div class=\"qodef-e-info qodef-info--bottom\">\n\t\t\t\t\t\t<div class=\"qodef-e-read-more\">\n\t\t<a class=\"qodef-shortcode qodef-m qodef-qi-button qodef-html--link qodef-layout--filled qodef-type--icon-boxed qodef-size--small qodef-icon--right qodef-hover--icon-move-horizontal-short qodef-text-underline qodef-underline--left\" href=\"https:\/\/decero.eu\/de\/ideas-para-ampliar-tu-casa-y-disfrutar-de-tu-nuevo-espacio\" target=\"_self\">\t<span class=\"qodef-m-text\">Siehe Anmerkung<\/span>\t<\/a>\t<\/div>\n\t\t\t\t<\/div>\n\t\t\t\t\t<\/div>\n\t<\/div>\n<\/article>\n<article class=\"qodef-e qodef-blog-item qodef-grid-item qodef-item--custom post-13091 post type-post status-publish format-standard has-post-thumbnail hentry category-unkategorisiert\">\n\t<div class=\"qodef-e-inner\">\n\t\t<div class=\"qodef-e-media-holder\">\n\t\t\t<div class=\"qodef-e-media\">\n\t\t<div class=\"qodef-e-media-image\">\n\t\t<a itemprop=\"url\" href=\"https:\/\/decero.eu\/de\/ideas-para-reformar-una-oficina\">\n\t\t\t<img loading=\"lazy\" decoding=\"async\" src=\"https:\/\/decero.eu\/wp-content\/uploads\/2022\/06\/5_senales-768x576-1-300x300.jpeg\" alt=\"\" width=\"300\" height=\"300\" \/>\t\t<\/a>\n\t\t\t<\/div>\n<\/div>\n\t\t<\/div>\n\t\t<div class=\"qodef-e-content\">\n\t\t\t\t\t\t<div class=\"qodef-e-text\">\n\t\t\t\t<h4 itemprop=\"name\" class=\"qodef-e-title entry-title\">\n\t<a itemprop=\"url\" class=\"qodef-e-title-link\" href=\"https:\/\/decero.eu\/de\/ideas-para-reformar-una-oficina\">\n\t\tIdeen zur B\u00fcroreform\t<\/a>\n<\/h4>\n\t\t\t<\/div>\n\t\t\t\t\t\t\t<div class=\"qodef-e-info qodef-info--bottom\">\n\t\t\t\t\t\t<div class=\"qodef-e-read-more\">\n\t\t<a class=\"qodef-shortcode qodef-m qodef-qi-button qodef-html--link qodef-layout--filled qodef-type--icon-boxed qodef-size--small qodef-icon--right qodef-hover--icon-move-horizontal-short qodef-text-underline qodef-underline--left\" href=\"https:\/\/decero.eu\/de\/ideas-para-reformar-una-oficina\" target=\"_self\">\t<span class=\"qodef-m-text\">Siehe Anmerkung<\/span>\t<\/a>\t<\/div>\n\t\t\t\t<\/div>\n\t\t\t\t\t<\/div>\n\t<\/div>\n<\/article>\n<article class=\"qodef-e qodef-blog-item qodef-grid-item qodef-item--custom post-13097 post type-post status-publish format-standard has-post-thumbnail hentry category-unkategorisiert\">\n\t<div class=\"qodef-e-inner\">\n\t\t<div class=\"qodef-e-media-holder\">\n\t\t\t<div class=\"qodef-e-media\">\n\t\t<div class=\"qodef-e-media-image\">\n\t\t<a itemprop=\"url\" href=\"https:\/\/decero.eu\/de\/ideen-zur-bueroreform\">\n\t\t\t<img loading=\"lazy\" decoding=\"async\" src=\"https:\/\/decero.eu\/wp-content\/uploads\/2022\/06\/ideas-reformar-oficina-768x576-1-300x300.jpeg\" alt=\"\" width=\"300\" height=\"300\" \/>\t\t<\/a>\n\t\t\t<\/div>\n<\/div>\n\t\t<\/div>\n\t\t<div class=\"qodef-e-content\">\n\t\t\t\t\t\t<div class=\"qodef-e-text\">\n\t\t\t\t<h4 itemprop=\"name\" class=\"qodef-e-title entry-title\">\n\t<a itemprop=\"url\" class=\"qodef-e-title-link\" href=\"https:\/\/decero.eu\/de\/ideen-zur-bueroreform\">\n\t\tIdeen zur B\u00fcroreform\t<\/a>\n<\/h4>\n\t\t\t<\/div>\n\t\t\t\t\t\t\t<div class=\"qodef-e-info qodef-info--bottom\">\n\t\t\t\t\t\t<div class=\"qodef-e-read-more\">\n\t\t<a class=\"qodef-shortcode qodef-m qodef-qi-button qodef-html--link qodef-layout--filled qodef-type--icon-boxed qodef-size--small qodef-icon--right qodef-hover--icon-move-horizontal-short qodef-text-underline qodef-underline--left\" href=\"https:\/\/decero.eu\/de\/ideen-zur-bueroreform\" target=\"_self\">\t<span class=\"qodef-m-text\">Siehe Anmerkung<\/span>\t<\/a>\t<\/div>\n\t\t\t\t<\/div>\n\t\t\t\t\t<\/div>\n\t<\/div>\n<\/article>\n<article class=\"qodef-e qodef-blog-item qodef-grid-item qodef-item--custom post-13052 post type-post status-publish format-standard has-post-thumbnail hentry category-unkategorisiert\">\n\t<div class=\"qodef-e-inner\">\n\t\t<div class=\"qodef-e-media-holder\">\n\t\t\t<div class=\"qodef-e-media\">\n\t\t<div class=\"qodef-e-media-image\">\n\t\t<a itemprop=\"url\" href=\"https:\/\/decero.eu\/de\/heimautomatisierung-fuer-haeuser-und-gebaeude\">\n\t\t\t<img loading=\"lazy\" decoding=\"async\" src=\"https:\/\/decero.eu\/wp-content\/uploads\/2022\/06\/Domotica-768x576-1-300x300.jpeg\" alt=\"\" width=\"300\" height=\"300\" \/>\t\t<\/a>\n\t\t\t<\/div>\n<\/div>\n\t\t<\/div>\n\t\t<div class=\"qodef-e-content\">\n\t\t\t\t\t\t<div class=\"qodef-e-text\">\n\t\t\t\t<h4 itemprop=\"name\" class=\"qodef-e-title entry-title\">\n\t<a itemprop=\"url\" class=\"qodef-e-title-link\" href=\"https:\/\/decero.eu\/de\/heimautomatisierung-fuer-haeuser-und-gebaeude\">\n\t\tHeimautomatisierung f\u00fcr H\u00e4user und Geb\u00e4ude\t<\/a>\n<\/h4>\n\t\t\t<\/div>\n\t\t\t\t\t\t\t<div class=\"qodef-e-info qodef-info--bottom\">\n\t\t\t\t\t\t<div class=\"qodef-e-read-more\">\n\t\t<a class=\"qodef-shortcode qodef-m qodef-qi-button qodef-html--link qodef-layout--filled qodef-type--icon-boxed qodef-size--small qodef-icon--right qodef-hover--icon-move-horizontal-short qodef-text-underline qodef-underline--left\" href=\"https:\/\/decero.eu\/de\/heimautomatisierung-fuer-haeuser-und-gebaeude\" target=\"_self\">\t<span class=\"qodef-m-text\">Siehe Anmerkung<\/span>\t<\/a>\t<\/div>\n\t\t\t\t<\/div>\n\t\t\t\t\t<\/div>\n\t<\/div>\n<\/article>\n<article class=\"qodef-e qodef-blog-item qodef-grid-item qodef-item--custom post-13108 post type-post status-publish format-standard has-post-thumbnail hentry category-unkategorisiert\">\n\t<div class=\"qodef-e-inner\">\n\t\t<div class=\"qodef-e-media-holder\">\n\t\t\t<div class=\"qodef-e-media\">\n\t\t<div class=\"qodef-e-media-image\">\n\t\t<a itemprop=\"url\" href=\"https:\/\/decero.eu\/de\/gruende-ihre-kueche-zu-renovieren\">\n\t\t\t<img loading=\"lazy\" decoding=\"async\" src=\"https:\/\/decero.eu\/wp-content\/uploads\/2022\/06\/Razones-por-las-que-reformar-tu-cocina-768x576-1-300x300.jpeg\" alt=\"\" width=\"300\" height=\"300\" \/>\t\t<\/a>\n\t\t\t<\/div>\n<\/div>\n\t\t<\/div>\n\t\t<div class=\"qodef-e-content\">\n\t\t\t\t\t\t<div class=\"qodef-e-text\">\n\t\t\t\t<h4 itemprop=\"name\" class=\"qodef-e-title entry-title\">\n\t<a itemprop=\"url\" class=\"qodef-e-title-link\" href=\"https:\/\/decero.eu\/de\/gruende-ihre-kueche-zu-renovieren\">\n\t\tGr\u00fcnde, Ihre K\u00fcche zu renovieren\t<\/a>\n<\/h4>\n\t\t\t<\/div>\n\t\t\t\t\t\t\t<div class=\"qodef-e-info qodef-info--bottom\">\n\t\t\t\t\t\t<div class=\"qodef-e-read-more\">\n\t\t<a class=\"qodef-shortcode qodef-m qodef-qi-button qodef-html--link qodef-layout--filled qodef-type--icon-boxed qodef-size--small qodef-icon--right qodef-hover--icon-move-horizontal-short qodef-text-underline qodef-underline--left\" href=\"https:\/\/decero.eu\/de\/gruende-ihre-kueche-zu-renovieren\" target=\"_self\">\t<span class=\"qodef-m-text\">Siehe Anmerkung<\/span>\t<\/a>\t<\/div>\n\t\t\t\t<\/div>\n\t\t\t\t\t<\/div>\n\t<\/div>\n<\/article>\n<article class=\"qodef-e qodef-blog-item qodef-grid-item qodef-item--custom post-13081 post type-post status-publish format-standard has-post-thumbnail hentry category-unkategorisiert\">\n\t<div class=\"qodef-e-inner\">\n\t\t<div class=\"qodef-e-media-holder\">\n\t\t\t<div class=\"qodef-e-media\">\n\t\t<div class=\"qodef-e-media-image\">\n\t\t<a itemprop=\"url\" href=\"https:\/\/decero.eu\/de\/gewerbeflaechenreform-wie-kann-man-sie-aufwerten\">\n\t\t\t<img loading=\"lazy\" decoding=\"async\" src=\"https:\/\/decero.eu\/wp-content\/uploads\/2022\/06\/reforma-local-comercial-768x576-1-300x300.jpeg\" alt=\"\" width=\"300\" height=\"300\" \/>\t\t<\/a>\n\t\t\t<\/div>\n<\/div>\n\t\t<\/div>\n\t\t<div class=\"qodef-e-content\">\n\t\t\t\t\t\t<div class=\"qodef-e-text\">\n\t\t\t\t<h4 itemprop=\"name\" class=\"qodef-e-title entry-title\">\n\t<a itemprop=\"url\" class=\"qodef-e-title-link\" href=\"https:\/\/decero.eu\/de\/gewerbeflaechenreform-wie-kann-man-sie-aufwerten\">\n\t\tGewerbefl\u00e4chenreform Wie kann man sie aufwerten?\t<\/a>\n<\/h4>\n\t\t\t<\/div>\n\t\t\t\t\t\t\t<div class=\"qodef-e-info qodef-info--bottom\">\n\t\t\t\t\t\t<div class=\"qodef-e-read-more\">\n\t\t<a class=\"qodef-shortcode qodef-m qodef-qi-button qodef-html--link qodef-layout--filled qodef-type--icon-boxed qodef-size--small qodef-icon--right qodef-hover--icon-move-horizontal-short qodef-text-underline qodef-underline--left\" href=\"https:\/\/decero.eu\/de\/gewerbeflaechenreform-wie-kann-man-sie-aufwerten\" target=\"_self\">\t<span class=\"qodef-m-text\">Siehe Anmerkung<\/span>\t<\/a>\t<\/div>\n\t\t\t\t<\/div>\n\t\t\t\t\t<\/div>\n\t<\/div>\n<\/article>\n<article class=\"qodef-e qodef-blog-item qodef-grid-item qodef-item--custom post-13047 post type-post status-publish format-standard has-post-thumbnail hentry category-unkategorisiert\">\n\t<div class=\"qodef-e-inner\">\n\t\t<div class=\"qodef-e-media-holder\">\n\t\t\t<div class=\"qodef-e-media\">\n\t\t<div class=\"qodef-e-media-image\">\n\t\t<a itemprop=\"url\" href=\"https:\/\/decero.eu\/de\/dekoration-eine-weitere-moeglichkeit-ihren-raum-zu-erweitern\">\n\t\t\t<img loading=\"lazy\" decoding=\"async\" src=\"https:\/\/decero.eu\/wp-content\/uploads\/2022\/06\/La-Decoracion-Otra-forma-de-ampliar-tu-espacio-768x576-1-300x300.jpeg\" alt=\"\" width=\"300\" height=\"300\" \/>\t\t<\/a>\n\t\t\t<\/div>\n<\/div>\n\t\t<\/div>\n\t\t<div class=\"qodef-e-content\">\n\t\t\t\t\t\t<div class=\"qodef-e-text\">\n\t\t\t\t<h4 itemprop=\"name\" class=\"qodef-e-title entry-title\">\n\t<a itemprop=\"url\" class=\"qodef-e-title-link\" href=\"https:\/\/decero.eu\/de\/dekoration-eine-weitere-moeglichkeit-ihren-raum-zu-erweitern\">\n\t\tDekoration: eine weitere M\u00f6glichkeit, Ihren Raum zu erweitern\t<\/a>\n<\/h4>\n\t\t\t<\/div>\n\t\t\t\t\t\t\t<div class=\"qodef-e-info qodef-info--bottom\">\n\t\t\t\t\t\t<div class=\"qodef-e-read-more\">\n\t\t<a class=\"qodef-shortcode qodef-m qodef-qi-button qodef-html--link qodef-layout--filled qodef-type--icon-boxed qodef-size--small qodef-icon--right qodef-hover--icon-move-horizontal-short qodef-text-underline qodef-underline--left\" href=\"https:\/\/decero.eu\/de\/dekoration-eine-weitere-moeglichkeit-ihren-raum-zu-erweitern\" target=\"_self\">\t<span class=\"qodef-m-text\">Siehe Anmerkung<\/span>\t<\/a>\t<\/div>\n\t\t\t\t<\/div>\n\t\t\t\t\t<\/div>\n\t<\/div>\n<\/article>\n\t<\/div>\n\t<\/div>\n\t\t\t\t<\/div>\n\t\t\t\t<\/div>\n\t\t\t\t\t<\/div>\n\t\t<\/div>\n\t\t\t\t\t<\/div>\n\t\t<\/section>\n\t\t\t\t<section class=\"elementor-section elementor-top-section elementor-element elementor-element-288040e elementor-section-boxed elementor-section-height-default elementor-section-height-default qodef-elementor-content-no\" data-id=\"288040e\" data-element_type=\"section\" data-e-type=\"section\">\n\t\t\t\t\t\t<div class=\"elementor-container elementor-column-gap-default\">\n\t\t\t\t\t<div class=\"elementor-column elementor-col-100 elementor-top-column elementor-element elementor-element-461cda6\" data-id=\"461cda6\" data-element_type=\"column\" data-e-type=\"column\">\n\t\t\t<div class=\"elementor-widget-wrap elementor-element-populated\">\n\t\t\t\t\t\t<div class=\"elementor-element elementor-element-0ae8d2b elementor-widget elementor-widget-spacer\" data-id=\"0ae8d2b\" data-element_type=\"widget\" data-e-type=\"widget\" data-widget_type=\"spacer.default\">\n\t\t\t\t<div class=\"elementor-widget-container\">\n\t\t\t\t\t\t\t<div class=\"elementor-spacer\">\n\t\t\t<div class=\"elementor-spacer-inner\"><\/div>\n\t\t<\/div>\n\t\t\t\t\t\t<\/div>\n\t\t\t\t<\/div>\n\t\t\t\t\t<\/div>\n\t\t<\/div>\n\t\t\t\t\t<\/div>\n\t\t<\/section>\n\t\t\t\t<\/div>\n\t\t","protected":false},"excerpt":{"rendered":"<p>Reforma local comercial \u00bfC\u00f3mo revalorizarlo? Ver Nota Razones por las que reformar tu cocina Ver Nota Razones importantes por las que debes renovar tu hogar Ver Nota Por qu\u00e9 es importante el mantenimiento de las comunidades de vecinos Ver Nota La decoraci\u00f3n es otra forma de ampliar tu espacio Ver Nota Ideas para reformar una [&hellip;]<\/p>\n","protected":false},"author":1,"featured_media":0,"parent":0,"menu_order":0,"comment_status":"closed","ping_status":"closed","template":"page-full-width.php","meta":{"_vp_format_video_url":"","_vp_image_focal_point":[],"footnotes":""},"class_list":["post-13039","page","type-page","status-publish","hentry"],"_links":{"self":[{"href":"https:\/\/decero.eu\/de\/wp-json\/wp\/v2\/pages\/13039","targetHints":{"allow":["GET"]}}],"collection":[{"href":"https:\/\/decero.eu\/de\/wp-json\/wp\/v2\/pages"}],"about":[{"href":"https:\/\/decero.eu\/de\/wp-json\/wp\/v2\/types\/page"}],"author":[{"embeddable":true,"href":"https:\/\/decero.eu\/de\/wp-json\/wp\/v2\/users\/1"}],"replies":[{"embeddable":true,"href":"https:\/\/decero.eu\/de\/wp-json\/wp\/v2\/comments?post=13039"}],"version-history":[{"count":5,"href":"https:\/\/decero.eu\/de\/wp-json\/wp\/v2\/pages\/13039\/revisions"}],"predecessor-version":[{"id":13132,"href":"https:\/\/decero.eu\/de\/wp-json\/wp\/v2\/pages\/13039\/revisions\/13132"}],"wp:attachment":[{"href":"https:\/\/decero.eu\/de\/wp-json\/wp\/v2\/media?parent=13039"}],"curies":[{"name":"wp","href":"https:\/\/api.w.org\/{rel}","templated":true}]}}